{"id":87,"date":"2021-12-05T00:17:55","date_gmt":"2021-12-05T00:17:55","guid":{"rendered":"https:\/\/jardindelaninamaria.org\/?page_id=87"},"modified":"2025-09-24T20:12:08","modified_gmt":"2025-09-25T01:12:08","slug":"mision","status":"publish","type":"page","link":"https:\/\/jardindelaninamaria.org\/en\/mision\/","title":{"rendered":"Misi\u00f3n"},"content":{"rendered":"<div class=\"somos\">\n    <div class=\"container pd-t-50 pd-b-50\">\n        <div class=\"row\">\n            <div class=\"col-12 text-light text-center\">  \n                <p> \nLove, as our society\u2019s foundation, is our main motivation to follow our mission. We work together to provide girls with comprehensive care through programs and workshops that provide them with the necessary tools to create a path toward their life project. In this way, they work on themselves and become agents of social transformation, having as a guide the values that we defend and teach in our mission:\n               <\/p>  \n<h3 class=\"text-little text-center\"><strong>Love, respect, responsibility, honesty, solidarity, and transparency.<\/strong><\/h3>\n            <\/div>\n        <\/div>\n    <\/div>\n<\/div>","protected":false},"excerpt":{"rendered":"<p>El amor como base fundamental es nuestro principal incentivo para seguir nuestra misi\u00f3n; la cual se sustenta en un trabajo conjunto con el fin de brindarle a las ni\u00f1as atenci\u00f3n integral a trav\u00e9s de programas que les provean herramientas para que construyan un camino hacia su proyecto de vida y de esta manera ellas mismas [&hellip;]<\/p>\n","protected":false},"author":1,"featured_media":0,"parent":0,"menu_order":0,"comment_status":"closed","ping_status":"open","template":"mision_jnm.php","meta":{"_acf_changed":false,"footnotes":""},"class_list":["post-87","page","type-page","status-publish","hentry"],"acf":[],"aioseo_notices":[],"_links":{"self":[{"href":"https:\/\/jardindelaninamaria.org\/en\/wp-json\/wp\/v2\/pages\/87","targetHints":{"allow":["GET"]}}],"collection":[{"href":"https:\/\/jardindelaninamaria.org\/en\/wp-json\/wp\/v2\/pages"}],"about":[{"href":"https:\/\/jardindelaninamaria.org\/en\/wp-json\/wp\/v2\/types\/page"}],"author":[{"embeddable":true,"href":"https:\/\/jardindelaninamaria.org\/en\/wp-json\/wp\/v2\/users\/1"}],"replies":[{"embeddable":true,"href":"https:\/\/jardindelaninamaria.org\/en\/wp-json\/wp\/v2\/comments?post=87"}],"version-history":[{"count":10,"href":"https:\/\/jardindelaninamaria.org\/en\/wp-json\/wp\/v2\/pages\/87\/revisions"}],"predecessor-version":[{"id":9990,"href":"https:\/\/jardindelaninamaria.org\/en\/wp-json\/wp\/v2\/pages\/87\/revisions\/9990"}],"wp:attachment":[{"href":"https:\/\/jardindelaninamaria.org\/en\/wp-json\/wp\/v2\/media?parent=87"}],"curies":[{"name":"wp","href":"https:\/\/api.w.org\/{rel}","templated":true}]}}