{"id":97,"date":"2021-12-05T00:46:26","date_gmt":"2021-12-05T00:46:26","guid":{"rendered":"https:\/\/jardindelaninamaria.org\/?page_id=97"},"modified":"2025-09-24T20:13:43","modified_gmt":"2025-09-25T01:13:43","slug":"benefactor-y-donaciones","status":"publish","type":"page","link":"https:\/\/jardindelaninamaria.org\/en\/benefactor-y-donaciones\/","title":{"rendered":"Benefactor y donaciones"},"content":{"rendered":"<div class=\"frase-azul pd-t-50 pd-b-50 text-center\">\n        <h2 class=\"text-light text-middle\"><\/h2>\n\n\n        <div class=\"container text-little\">\n            <div class=\"row justify-content-center align-items-center\">\n                <div class=\"col-12 col-md-1 text-light text-left\">\n                    <img decoding=\"async\" src=\"http:\/\/jardindelaninamaria.org\/wp-content\/uploads\/2021\/12\/com_open.png\" alt=\"\">\n                <\/div>\n                <div class=\"col-12 col-md-10 text-light text-center\">\n                <h3 class=\"text-light text-middle\"><strong> Goodness is the only <br>\ninvestment which never fails. <br>\n<\/strong><\/h3><p>\nHenry David Thoreau<\/p>\n                <\/div>\n                <div class=\"col-12 col-md-1 text-light text-right\">\n            <img decoding=\"async\" src=\"http:\/\/jardindelaninamaria.org\/wp-content\/uploads\/2021\/12\/com_close.png\" alt=\"\">\n                <\/div>\n            <\/div>\n        <\/div>\n        \n    <\/div>\n\n\n\n<div class=\"logros pd-t-50 pd-b-50 text-center\">\n        <div class=\"container text-little\">\n            <div class=\"row justify-content-center align-items-center\">\n                <div class=\"col-12 col-md-1 text-light text-center\">\n                    <img decoding=\"async\" src=\"http:\/\/jardindelaninamaria.org\/wp-content\/uploads\/2021\/12\/corazon.png\" alt=\"\">\n                <\/div>\n                <div class=\"col-12 col-md-10 text-light text-center\">\n                <p class=\"text-light text-little\"><strong>We all have a mission in life. We invite you to change many lives as part of ours by becoming a benefactor.<\/strong><\/p>\n                <\/div>\n                <div class=\"col-12 col-md-1 text-light text-center\">\n                    <img decoding=\"async\" src=\"http:\/\/jardindelaninamaria.org\/wp-content\/uploads\/2021\/12\/corazon.png\" alt=\"\">\n                <\/div>\n            <\/div>\n        <\/div>\n    <\/div>\n\n\n\n<div class=\"container\">\n        <div class=\"row justify-content-center align-items-center\">\n            <div class=\"col-12 text-center mg-t-20 mg-b-20\">\n                <h3 class=\"text-blue-jnm\"><strong>Take the first step now and join us in your new mission.<\/strong><\/h3>\n            <\/div>\n        <\/div>\n    <\/div>\n\n\n\n<div class=\"container\">\n        <div class=\"row justify-content-center\">\n            <div class=\"col-12 text-center mg-t-20 mg-b-20\">\n                <h3 class=\"text-large text-pink-jnm\">\n                    <strong>. <br>\n\u00a1DO IT NOW!<\/strong>\n                <\/h3>\n            <\/div>\n        <\/div>\n    <\/div>\n\n\n\n<div class=\"container\">\n        <div class=\"row justify-content-center\">\n            <div class=\"col-12 text-center mg-t-20 mg-b-20\">\n                <h3 class=\"text-blue-jnm\"><strong>In Jard\u00edn de la Ni\u00f1a Mar\u00eda you can either be a recurring benefactor or make a one-time donation. Here are all the ways you can help us:<\/strong><\/h3>\n            <\/div>\n        <\/div>\n    <\/div>\n\n\n\n<div class=\"container\">\n        <div class=\"row justify-content-center\">\n            <div class=\"col-6 text-center mg-t-20 mg-b-20\">\n                <h3 class=\"text-pink-jnm\"><strong>ONE-TIME DONATION:<\/strong><\/h3>\n            <\/div>\n            <div class=\"col-6 text-right mg-t-20 mg-b-20 text-blue-jnm\">\n                <p>You can also help us by making a single deposit of 15,000 CO to any of our bank accounts, Nequi and\/or Daviplata.<\/p>\n            <\/div>\n\n        <\/div>\n        <div class=\"row justify-content-center align-items-center\">\n            <div class=\"col-12 col-md-4 text-center mg-t-20 mg-b-20\">\n                    <img decoding=\"async\" src=\"http:\/\/jardindelaninamaria.org\/wp-content\/uploads\/2022\/02\/Asset-1.png\" alt=\"\">\n            <\/div>\n            <div class=\"col-12 col-md-4 text-center mg-t-20 mg-b-20\">\n                    <img decoding=\"async\" src=\"http:\/\/jardindelaninamaria.org\/wp-content\/uploads\/2022\/02\/Asset-3.png\" alt=\"\">\n            <\/div>\n            <div class=\"col-12 col-md-4 text-center mg-t-20 mg-b-20 text-blue-jnm\">\n                <img decoding=\"async\" src=\"https:\/\/jardindelaninamaria.org\/wp-content\/uploads\/2021\/12\/banco_bogota.png\" class=\"w-100 pd-b-50\">\n                <p class=\"bg-light translation-block\">Checking account:<br>\n                    # 380 106 922<br>\n                    Savings account:<br>\n                    #  380 056 788<br>\n                    JARDIN DE LA<br>\n                    NI\u00d1A MAR\u00cdA<br>\n                    NIT. 860010530-5<\/p>\n            <\/div>\n\n        <\/div>\n    <\/div>\n\n\n\n<div class=\"container\">\n        <div class=\"row justify-content-center\">\n            <div class=\"col-6 text-center mg-t-20 mg-b-20\">\n                <h3 class=\"text-pink-jnm\"><strong>DONA DE MUCHAS FORMAS:<\/strong><\/h3>\n            <\/div>\n            <div class=\"col-6 text-right mg-t-20 mg-b-20 text-blue-jnm\">\n                <p>Get one of our donation vouchers through PayU and join us in a special celebration. We\u2019ll contact you as soon as we register your donation and we'll request the information you want us to include in the voucher. After that, you\u2019ll receive the information on the email address registered on the payment platform. \n<\/p>\n            <\/div>\n\n        <\/div>\n    <\/div>","protected":false},"excerpt":{"rendered":"<p>La bondad es la \u00fanica inversi\u00f3n que nunca falla. Henry David Thoreau Todos tenemos una misi\u00f3n en la vida y aqu\u00ed te invitamos a hacer parte de la nuestra que ha cambiado muchas vidas. Te invitamos a ser un agente benefactor. Da el primer paso y comienza a ser parte de esta que ahora ser\u00e1 [&hellip;]<\/p>\n","protected":false},"author":1,"featured_media":0,"parent":0,"menu_order":0,"comment_status":"closed","ping_status":"closed","template":"benefactores.php","meta":{"_acf_changed":false,"footnotes":""},"class_list":["post-97","page","type-page","status-publish","hentry"],"acf":[],"aioseo_notices":[],"_links":{"self":[{"href":"https:\/\/jardindelaninamaria.org\/en\/wp-json\/wp\/v2\/pages\/97","targetHints":{"allow":["GET"]}}],"collection":[{"href":"https:\/\/jardindelaninamaria.org\/en\/wp-json\/wp\/v2\/pages"}],"about":[{"href":"https:\/\/jardindelaninamaria.org\/en\/wp-json\/wp\/v2\/types\/page"}],"author":[{"embeddable":true,"href":"https:\/\/jardindelaninamaria.org\/en\/wp-json\/wp\/v2\/users\/1"}],"replies":[{"embeddable":true,"href":"https:\/\/jardindelaninamaria.org\/en\/wp-json\/wp\/v2\/comments?post=97"}],"version-history":[{"count":11,"href":"https:\/\/jardindelaninamaria.org\/en\/wp-json\/wp\/v2\/pages\/97\/revisions"}],"predecessor-version":[{"id":9992,"href":"https:\/\/jardindelaninamaria.org\/en\/wp-json\/wp\/v2\/pages\/97\/revisions\/9992"}],"wp:attachment":[{"href":"https:\/\/jardindelaninamaria.org\/en\/wp-json\/wp\/v2\/media?parent=97"}],"curies":[{"name":"wp","href":"https:\/\/api.w.org\/{rel}","templated":true}]}}